{"id":297,"date":"2025-02-18T11:28:17","date_gmt":"2025-02-18T10:28:17","guid":{"rendered":"https:\/\/mikro-farma.com\/?page_id=297"},"modified":"2025-02-18T11:41:27","modified_gmt":"2025-02-18T10:41:27","slug":"pravila-privatnosti","status":"publish","type":"page","link":"https:\/\/mikro-farma.com\/?page_id=297","title":{"rendered":"Pravila privatnosti"},"content":{"rendered":"\t\t<div data-elementor-type=\"wp-page\" data-elementor-id=\"297\" class=\"elementor elementor-297\" data-elementor-post-type=\"page\">\n\t\t\t\t\t\t<section class=\"elementor-section elementor-top-section elementor-element elementor-element-6fa0f4a elementor-section-boxed elementor-section-height-default elementor-section-height-default\" data-id=\"6fa0f4a\" data-element_type=\"section\">\n\t\t\t\t\t\t<div class=\"elementor-container elementor-column-gap-default\">\n\t\t\t\t\t<div class=\"elementor-column elementor-col-100 elementor-top-column elementor-element elementor-element-86d9ce4\" data-id=\"86d9ce4\" data-element_type=\"column\">\n\t\t\t<div class=\"elementor-widget-wrap elementor-element-populated\">\n\t\t\t\t\t\t<div class=\"elementor-element elementor-element-41c14e9 elementor-widget elementor-widget-heading\" data-id=\"41c14e9\" data-element_type=\"widget\" data-widget_type=\"heading.default\">\n\t\t\t\t<div class=\"elementor-widget-container\">\n\t\t\t\t\t<h2 class=\"elementor-heading-title elementor-size-default\">Pravila privatnosti<\/h2>\t\t\t\t<\/div>\n\t\t\t\t<\/div>\n\t\t\t\t\t<\/div>\n\t\t<\/div>\n\t\t\t\t\t<\/div>\n\t\t<\/section>\n\t\t\t\t<section class=\"elementor-section elementor-top-section elementor-element elementor-element-e127944 elementor-section-boxed elementor-section-height-default elementor-section-height-default\" data-id=\"e127944\" data-element_type=\"section\">\n\t\t\t\t\t\t<div class=\"elementor-container elementor-column-gap-default\">\n\t\t\t\t\t<div class=\"elementor-column elementor-col-100 elementor-top-column elementor-element elementor-element-d85a67c\" data-id=\"d85a67c\" data-element_type=\"column\">\n\t\t\t<div class=\"elementor-widget-wrap elementor-element-populated\">\n\t\t\t\t\t\t<div class=\"elementor-element elementor-element-da47af0 elementor-widget elementor-widget-text-editor\" data-id=\"da47af0\" data-element_type=\"widget\" data-widget_type=\"text-editor.default\">\n\t\t\t\t<div class=\"elementor-widget-container\">\n\t\t\t\t\t\t\t\t\t<p>Datum stupanja na snagu: 18.02.2025.<\/p><p>OPG Mikro Farma (u daljnjem tekstu: &#8220;mi&#8221;, &#8220;nas&#8221;, &#8220;na\u0161&#8221;), sa sjedi\u0161tem na adresi Ul. kralja Tomislava 245, 31222 Bizovac, OIB: 89126457676, obvezuje se za\u0161tititi va\u0161u privatnost i osobne podatke u skladu s va\u017ee\u0107im propisima o za\u0161titi podataka, uklju\u010duju\u0107i Op\u0107u uredbu o za\u0161titi podataka (GDPR).<\/p><p><strong>1. Koje podatke prikupljamo?<\/strong> Prikupljamo i obra\u0111ujemo sljede\u0107e osobne podatke:<\/p><ul data-spread=\"false\"><li><p>Ime i prezime<\/p><\/li><li><p>Adresa za dostavu i naplatu<\/p><\/li><li><p>E-mail adresa<\/p><\/li><li><p>Broj telefona<\/p><\/li><li><p>Podaci o pla\u0107anju (ne pohranjujemo podatke o karticama, obrada se vr\u0161i putem sigurnih platnih sustava)<\/p><\/li><li><p>IP adresa i podaci o kori\u0161tenju web stranice<\/p><\/li><\/ul><p><strong>2. Kako koristimo va\u0161e podatke?<\/strong> Va\u0161e podatke koristimo za:<\/p><ul data-spread=\"false\"><li><p>Obradu i isporuku narud\u017ebi<\/p><\/li><li><p>Slanje obavijesti o statusu narud\u017ebe<\/p><\/li><li><p>Komunikaciju vezanu uz korisni\u010dku podr\u0161ku<\/p><\/li><li><p>Slanje promotivnih ponuda (ako ste dali privolu)<\/p><\/li><li><p>Pobolj\u0161anje korisni\u010dkog iskustva na web stranici<\/p><\/li><li><p>Ispunjavanje zakonskih obveza<\/p><\/li><\/ul><p><strong>3. Pravna osnova obrade podataka<\/strong> Va\u0161e podatke obra\u0111ujemo na temelju:<\/p><ul data-spread=\"false\"><li><p>Izvr\u0161enja ugovora (npr. isporuka narud\u017ebi)<\/p><\/li><li><p>Zakonskih obveza (ra\u010dunovodstvo, izdavanje ra\u010duna)<\/p><\/li><li><p>Legitimnog interesa (analitika, pobolj\u0161anje usluga)<\/p><\/li><li><p>Va\u0161e privole (za primanje marketin\u0161kih poruka)<\/p><\/li><\/ul><p><strong>4. Dijeljenje podataka s tre\u0107im stranama<\/strong> Va\u0161e podatke mo\u017eemo dijeliti s:<\/p><ul data-spread=\"false\"><li><p>Dostavnim slu\u017ebama radi isporuke narud\u017ebi<\/p><\/li><li><p>Pru\u017eateljima platnih usluga za obradu pla\u0107anja<\/p><\/li><li><p>Nadle\u017enim tijelima kada je to zakonski potrebno<\/p><\/li><\/ul><p><strong>5. Koliko dugo \u010duvamo va\u0161e podatke?<\/strong> Podatke \u010duvamo onoliko dugo koliko je potrebno za ispunjenje svrhe obrade ili koliko zahtijevaju zakonske obveze. Podaci kori\u0161teni za marketin\u0161ke svrhe \u010duvaju se do povla\u010denja privole.<\/p><p><strong>6. Va\u0161a prava<\/strong> Imate pravo:<\/p><ul data-spread=\"false\"><li><p>Zatra\u017eiti pristup svojim podacima<\/p><\/li><li><p>Ispraviti neto\u010dne podatke<\/p><\/li><li><p>Zatra\u017eiti brisanje podataka (osim ako postoji pravna osnova za njihovo \u010duvanje)<\/p><\/li><li><p>Povu\u0107i privolu za marketin\u0161ke aktivnosti<\/p><\/li><li><p>Podnijeti prigovor Agenciji za za\u0161titu osobnih podataka (AZOP)<\/p><\/li><\/ul><p><strong>7. Sigurnost podataka<\/strong> Koristimo tehni\u010dke i organizacijske mjere kako bismo osigurali za\u0161titu va\u0161ih podataka od neovla\u0161tenog pristupa, gubitka ili zlouporabe.<\/p><p><strong>8. Kola\u010di\u0107i (Cookies)<\/strong> Na\u0161a web stranica koristi kola\u010di\u0107e za pobolj\u0161anje funkcionalnosti i analizu prometa. Mo\u017eete upravljati postavkama kola\u010di\u0107a putem preglednika.<\/p><p><strong>9. Kontakt<\/strong> Za sva pitanja vezana uz za\u0161titu privatnosti mo\u017eete nas kontaktirati na:<\/p><p>OPG Mikro Farma<\/p><p>Ul. kralja Tomislava 245, 31222 Bizovac\u00a0<\/p><p>E-mail: info@mikro-farma.com\u00a0<\/p><p>Telefon: <span class=\"LrzXr zdqRlf kno-fv\"><a href=\"https:\/\/www.google.com\/search?q=opg+mikro+farma+oib&amp;client=firefox-b-d&amp;sca_esv=00fbe7a832747579&amp;sxsrf=AHTn8zrETk8Cycc_pVGkqNP9nSWp_BMYsg%3A1739874487847&amp;ei=t2C0Z8y7M9KD9u8P8MOBuAM&amp;ved=0ahUKEwiM87TGgc2LAxXSgf0HHfBhADcQ4dUDCBA&amp;uact=5&amp;oq=opg+mikro+farma+oib&amp;gs_lp=Egxnd3Mtd2l6LXNlcnAiE29wZyBtaWtybyBmYXJtYSBvaWIyBRAhGKABMgUQIRigATIFECEYoAFIqAlQmQVYoAhwAXgAkAEAmAHEAaAB0wKqAQMwLjK4AQPIAQD4AQGYAgOgAuECwgILEAAYgAQYsAMYogTCAggQABiwAxjvBcICCxAAGLADGKIEGIkFwgIFECEYnwWYAwCIBgGQBgWSBwUxLjEuMaAHuwY&amp;sclient=gws-wiz-serp#\" data-dtype=\"d3ph\" data-local-attribute=\"d3ph\" data-ved=\"2ahUKEwib0ZbQgc2LAxU2gP0HHcqEGpIQkAgoAHoECDwQAw\"><span aria-label=\"Nazovite 091 793 1099\">091 793 1099<\/span><\/a><\/span><\/p><p>Zadnje a\u017euriranje: 18.02.2025.<\/p>\t\t\t\t\t\t\t\t<\/div>\n\t\t\t\t<\/div>\n\t\t\t\t\t<\/div>\n\t\t<\/div>\n\t\t\t\t\t<\/div>\n\t\t<\/section>\n\t\t\t\t<\/div>\n\t\t","protected":false},"excerpt":{"rendered":"<p>Pravila privatnosti Datum stupanja na snagu: 18.02.2025. OPG Mikro Farma (u daljnjem tekstu: &#8220;mi&#8221;, &#8220;nas&#8221;, &#8220;na\u0161&#8221;), sa sjedi\u0161tem na adresi [&hellip;]<\/p>\n","protected":false},"author":1,"featured_media":0,"parent":0,"menu_order":0,"comment_status":"closed","ping_status":"closed","template":"","meta":{"site-sidebar-layout":"no-sidebar","site-content-layout":"","ast-site-content-layout":"full-width-container","site-content-style":"default","site-sidebar-style":"default","ast-global-header-display":"","ast-banner-title-visibility":"","ast-main-header-display":"","ast-hfb-above-header-display":"","ast-hfb-below-header-display":"","ast-hfb-mobile-header-display":"","site-post-title":"disabled","ast-breadcrumbs-content":"","ast-featured-img":"disabled","footer-sml-layout":"","theme-transparent-header-meta":"","adv-header-id-meta":"","stick-header-meta":"","header-above-stick-meta":"","header-main-stick-meta":"","header-below-stick-meta":"","astra-migrate-meta-layouts":"default","ast-page-background-enabled":"default","ast-page-background-meta":{"desktop":{"background-color":"var(--ast-global-color-5)","background-image":"","background-repeat":"repeat","background-position":"center center","background-size":"auto","background-attachment":"scroll","background-type":"","background-media":"","overlay-type":"","overlay-color":"","overlay-opacity":"","overlay-gradient":""},"tablet":{"background-color":"","background-image":"","background-repeat":"repeat","background-position":"center center","background-size":"auto","background-attachment":"scroll","background-type":"","background-media":"","overlay-type":"","overlay-color":"","overlay-opacity":"","overlay-gradient":""},"mobile":{"background-color":"","background-image":"","background-repeat":"repeat","background-position":"center center","background-size":"auto","background-attachment":"scroll","background-type":"","background-media":"","overlay-type":"","overlay-color":"","overlay-opacity":"","overlay-gradient":""}},"ast-content-background-meta":{"desktop":{"background-color":"var(--ast-global-color-4)","background-image":"","background-repeat":"repeat","background-position":"center center","background-size":"auto","background-attachment":"scroll","background-type":"","background-media":"","overlay-type":"","overlay-color":"","overlay-opacity":"","overlay-gradient":""},"tablet":{"background-color":"var(--ast-global-color-4)","background-image":"","background-repeat":"repeat","background-position":"center center","background-size":"auto","background-attachment":"scroll","background-type":"","background-media":"","overlay-type":"","overlay-color":"","overlay-opacity":"","overlay-gradient":""},"mobile":{"background-color":"var(--ast-global-color-4)","background-image":"","background-repeat":"repeat","background-position":"center center","background-size":"auto","background-attachment":"scroll","background-type":"","background-media":"","overlay-type":"","overlay-color":"","overlay-opacity":"","overlay-gradient":""}},"footnotes":""},"class_list":["post-297","page","type-page","status-publish","hentry"],"_links":{"self":[{"href":"https:\/\/mikro-farma.com\/index.php?rest_route=\/wp\/v2\/pages\/297","targetHints":{"allow":["GET"]}}],"collection":[{"href":"https:\/\/mikro-farma.com\/index.php?rest_route=\/wp\/v2\/pages"}],"about":[{"href":"https:\/\/mikro-farma.com\/index.php?rest_route=\/wp\/v2\/types\/page"}],"author":[{"embeddable":true,"href":"https:\/\/mikro-farma.com\/index.php?rest_route=\/wp\/v2\/users\/1"}],"replies":[{"embeddable":true,"href":"https:\/\/mikro-farma.com\/index.php?rest_route=%2Fwp%2Fv2%2Fcomments&post=297"}],"version-history":[{"count":7,"href":"https:\/\/mikro-farma.com\/index.php?rest_route=\/wp\/v2\/pages\/297\/revisions"}],"predecessor-version":[{"id":305,"href":"https:\/\/mikro-farma.com\/index.php?rest_route=\/wp\/v2\/pages\/297\/revisions\/305"}],"wp:attachment":[{"href":"https:\/\/mikro-farma.com\/index.php?rest_route=%2Fwp%2Fv2%2Fmedia&parent=297"}],"curies":[{"name":"wp","href":"https:\/\/api.w.org\/{rel}","templated":true}]}}