{"id":100,"date":"2025-02-17T12:44:36","date_gmt":"2025-02-17T12:44:36","guid":{"rendered":"https:\/\/mikro-farma.com\/?post_type=product&#038;p=100"},"modified":"2025-03-31T18:07:08","modified_gmt":"2025-03-31T16:07:08","slug":"rotkva-pink","status":"publish","type":"product","link":"https:\/\/mikro-farma.com\/?product=rotkva-pink","title":{"rendered":"Rotkva Pink"},"content":{"rendered":"<p data-start=\"0\" data-end=\"43\"><strong data-start=\"0\" data-end=\"41\">Rotkva Pinki \u2013 Pikantna Doza Svje\u017eine<\/strong><\/p>\n<p data-start=\"45\" data-end=\"345\">Mikro zelenje rotkve Pinki odu\u0161evljava svojim intenzivnim, blago ljutkastim okusom koji podsje\u0107a na svje\u017eu rotkvu. Njegova vibrantna ru\u017ei\u010dasta stabljika i zelena lisna masa ne samo da oboga\u0107uju izgled jela, ve\u0107 i dodaju hrskavu, pikantnu notu salatama, sendvi\u010dima, juhama i raznim zdravim obrocima.<\/p>\n<p data-start=\"347\" data-end=\"566\">Osim \u0161to je vizualno atraktivna i ukusna, rotkva Pinki bogata je vitaminima A, C i K, kao i mineralima poput kalcija, magnezija i \u017eeljeza. Poma\u017ee u detoksikaciji organizma, ja\u010danju imuniteta i podr\u017eava zdravu probavu.<\/p>\n<p data-start=\"568\" data-end=\"678\">Dodajte mikro zelenje rotkve Pinki svojoj prehrani i u\u017eivajte u njenom punom okusu i nutritivnoj snazi!<\/p>\n","protected":false},"excerpt":{"rendered":"<p>Neto koli\u010dina: 70 grama<\/p>\n","protected":false},"featured_media":88,"comment_status":"open","ping_status":"closed","template":"","meta":{"site-sidebar-layout":"default","site-content-layout":"","ast-site-content-layout":"default","site-content-style":"default","site-sidebar-style":"default","ast-global-header-display":"","ast-banner-title-visibility":"","ast-main-header-display":"","ast-hfb-above-header-display":"","ast-hfb-below-header-display":"","ast-hfb-mobile-header-display":"","site-post-title":"","ast-breadcrumbs-content":"","ast-featured-img":"","footer-sml-layout":"","theme-transparent-header-meta":"default","adv-header-id-meta":"","stick-header-meta":"","header-above-stick-meta":"","header-main-stick-meta":"","header-below-stick-meta":"","astra-migrate-meta-layouts":"set","ast-page-background-enabled":"default","ast-page-background-meta":{"desktop":{"background-color":"var(--ast-global-color-5)","background-image":"","background-repeat":"repeat","background-position":"center center","background-size":"auto","background-attachment":"scroll","background-type":"","background-media":"","overlay-type":"","overlay-color":"","overlay-opacity":"","overlay-gradient":""},"tablet":{"background-color":"","background-image":"","background-repeat":"repeat","background-position":"center center","background-size":"auto","background-attachment":"scroll","background-type":"","background-media":"","overlay-type":"","overlay-color":"","overlay-opacity":"","overlay-gradient":""},"mobile":{"background-color":"","background-image":"","background-repeat":"repeat","background-position":"center center","background-size":"auto","background-attachment":"scroll","background-type":"","background-media":"","overlay-type":"","overlay-color":"","overlay-opacity":"","overlay-gradient":""}},"ast-content-background-meta":{"desktop":{"background-color":"var(--ast-global-color-4)","background-image":"","background-repeat":"repeat","background-position":"center center","background-size":"auto","background-attachment":"scroll","background-type":"","background-media":"","overlay-type":"","overlay-color":"","overlay-opacity":"","overlay-gradient":""},"tablet":{"background-color":"var(--ast-global-color-4)","background-image":"","background-repeat":"repeat","background-position":"center center","background-size":"auto","background-attachment":"scroll","background-type":"","background-media":"","overlay-type":"","overlay-color":"","overlay-opacity":"","overlay-gradient":""},"mobile":{"background-color":"var(--ast-global-color-4)","background-image":"","background-repeat":"repeat","background-position":"center center","background-size":"auto","background-attachment":"scroll","background-type":"","background-media":"","overlay-type":"","overlay-color":"","overlay-opacity":"","overlay-gradient":""}}},"product_brand":[],"product_cat":[15],"product_tag":[],"class_list":{"0":"post-100","1":"product","2":"type-product","3":"status-publish","4":"has-post-thumbnail","6":"product_cat-uncategorized","7":"desktop-align-center","8":"tablet-align-left","9":"mobile-align-left","11":"first","12":"outofstock","13":"shipping-taxable","14":"purchasable","15":"product-type-simple"},"_links":{"self":[{"href":"https:\/\/mikro-farma.com\/index.php?rest_route=\/wp\/v2\/product\/100","targetHints":{"allow":["GET"]}}],"collection":[{"href":"https:\/\/mikro-farma.com\/index.php?rest_route=\/wp\/v2\/product"}],"about":[{"href":"https:\/\/mikro-farma.com\/index.php?rest_route=\/wp\/v2\/types\/product"}],"replies":[{"embeddable":true,"href":"https:\/\/mikro-farma.com\/index.php?rest_route=%2Fwp%2Fv2%2Fcomments&post=100"}],"wp:featuredmedia":[{"embeddable":true,"href":"https:\/\/mikro-farma.com\/index.php?rest_route=\/wp\/v2\/media\/88"}],"wp:attachment":[{"href":"https:\/\/mikro-farma.com\/index.php?rest_route=%2Fwp%2Fv2%2Fmedia&parent=100"}],"wp:term":[{"taxonomy":"product_brand","embeddable":true,"href":"https:\/\/mikro-farma.com\/index.php?rest_route=%2Fwp%2Fv2%2Fproduct_brand&post=100"},{"taxonomy":"product_cat","embeddable":true,"href":"https:\/\/mikro-farma.com\/index.php?rest_route=%2Fwp%2Fv2%2Fproduct_cat&post=100"},{"taxonomy":"product_tag","embeddable":true,"href":"https:\/\/mikro-farma.com\/index.php?rest_route=%2Fwp%2Fv2%2Fproduct_tag&post=100"}],"curies":[{"name":"wp","href":"https:\/\/api.w.org\/{rel}","templated":true}]}}