{"id":103,"date":"2025-02-17T12:49:32","date_gmt":"2025-02-17T12:49:32","guid":{"rendered":"https:\/\/mikro-farma.com\/?post_type=product&#038;p=103"},"modified":"2025-05-12T21:02:17","modified_gmt":"2025-05-12T19:02:17","slug":"rotkva-sango","status":"publish","type":"product","link":"https:\/\/mikro-farma.com\/?product=rotkva-sango","title":{"rendered":"Rotkva Sango"},"content":{"rendered":"<p data-start=\"0\" data-end=\"49\"><strong data-start=\"0\" data-end=\"47\">Rotkva Sango \u2013 Pikantna Osvje\u017eavaju\u0107a Snaga<\/strong><\/p>\n<p data-start=\"51\" data-end=\"279\">Mikro zelenje rotkve Sango donosi hrskavost i blagu ljutkastost koja osvje\u017eava svaki obrok. Ove male klice imaju jaku, ali ugodnu aromu, idealnu za dodavanje u salate, sendvi\u010de, juhe i razna jela koja tra\u017ee malo za\u010dina i boje.<\/p>\n<p data-start=\"281\" data-end=\"546\">Osim \u0161to je ukusna, rotkva Sango bogata je vitaminima C i K, te mineralima poput kalija i magnezija, koji podr\u017eavaju zdravlje srca, imunitet i probavu. Tako\u0111er, poznata je po svojim antioksidativnim i protuupalnim svojstvima koja poma\u017eu u detoksikaciji organizma.<\/p>\n<p data-start=\"548\" data-end=\"636\">U\u017eivajte u zdravlju i pikantnoj svje\u017eini koju donosi mikro zelenje rotkve Sango!<\/p>\n","protected":false},"excerpt":{"rendered":"<p>Neto koli\u010dina: 70 grama<\/p>\n","protected":false},"featured_media":89,"comment_status":"open","ping_status":"closed","template":"","meta":{"site-sidebar-layout":"default","site-content-layout":"","ast-site-content-layout":"default","site-content-style":"default","site-sidebar-style":"default","ast-global-header-display":"","ast-banner-title-visibility":"","ast-main-header-display":"","ast-hfb-above-header-display":"","ast-hfb-below-header-display":"","ast-hfb-mobile-header-display":"","site-post-title":"","ast-breadcrumbs-content":"","ast-featured-img":"","footer-sml-layout":"","theme-transparent-header-meta":"default","adv-header-id-meta":"","stick-header-meta":"","header-above-stick-meta":"","header-main-stick-meta":"","header-below-stick-meta":"","astra-migrate-meta-layouts":"set","ast-page-background-enabled":"default","ast-page-background-meta":{"desktop":{"background-color":"var(--ast-global-color-5)","background-image":"","background-repeat":"repeat","background-position":"center center","background-size":"auto","background-attachment":"scroll","background-type":"","background-media":"","overlay-type":"","overlay-color":"","overlay-opacity":"","overlay-gradient":""},"tablet":{"background-color":"","background-image":"","background-repeat":"repeat","background-position":"center center","background-size":"auto","background-attachment":"scroll","background-type":"","background-media":"","overlay-type":"","overlay-color":"","overlay-opacity":"","overlay-gradient":""},"mobile":{"background-color":"","background-image":"","background-repeat":"repeat","background-position":"center center","background-size":"auto","background-attachment":"scroll","background-type":"","background-media":"","overlay-type":"","overlay-color":"","overlay-opacity":"","overlay-gradient":""}},"ast-content-background-meta":{"desktop":{"background-color":"var(--ast-global-color-4)","background-image":"","background-repeat":"repeat","background-position":"center center","background-size":"auto","background-attachment":"scroll","background-type":"","background-media":"","overlay-type":"","overlay-color":"","overlay-opacity":"","overlay-gradient":""},"tablet":{"background-color":"var(--ast-global-color-4)","background-image":"","background-repeat":"repeat","background-position":"center center","background-size":"auto","background-attachment":"scroll","background-type":"","background-media":"","overlay-type":"","overlay-color":"","overlay-opacity":"","overlay-gradient":""},"mobile":{"background-color":"var(--ast-global-color-4)","background-image":"","background-repeat":"repeat","background-position":"center center","background-size":"auto","background-attachment":"scroll","background-type":"","background-media":"","overlay-type":"","overlay-color":"","overlay-opacity":"","overlay-gradient":""}}},"product_brand":[],"product_cat":[15],"product_tag":[17],"class_list":{"0":"post-103","1":"product","2":"type-product","3":"status-publish","4":"has-post-thumbnail","6":"product_cat-uncategorized","7":"product_tag-mikrozelenje-kukuruz-superhrana-zdravaprehrana-prirodnasvjezina-vitaminiiminerali-detoksikacija-zdravlje-biljnamoc-imunitet-vlakna-zdravzivot-svjezeizdravo-wellness-nutritivnasnaga","8":"desktop-align-center","9":"tablet-align-left","10":"mobile-align-left","12":"first","13":"outofstock","14":"shipping-taxable","15":"purchasable","16":"product-type-simple"},"_links":{"self":[{"href":"https:\/\/mikro-farma.com\/index.php?rest_route=\/wp\/v2\/product\/103","targetHints":{"allow":["GET"]}}],"collection":[{"href":"https:\/\/mikro-farma.com\/index.php?rest_route=\/wp\/v2\/product"}],"about":[{"href":"https:\/\/mikro-farma.com\/index.php?rest_route=\/wp\/v2\/types\/product"}],"replies":[{"embeddable":true,"href":"https:\/\/mikro-farma.com\/index.php?rest_route=%2Fwp%2Fv2%2Fcomments&post=103"}],"wp:featuredmedia":[{"embeddable":true,"href":"https:\/\/mikro-farma.com\/index.php?rest_route=\/wp\/v2\/media\/89"}],"wp:attachment":[{"href":"https:\/\/mikro-farma.com\/index.php?rest_route=%2Fwp%2Fv2%2Fmedia&parent=103"}],"wp:term":[{"taxonomy":"product_brand","embeddable":true,"href":"https:\/\/mikro-farma.com\/index.php?rest_route=%2Fwp%2Fv2%2Fproduct_brand&post=103"},{"taxonomy":"product_cat","embeddable":true,"href":"https:\/\/mikro-farma.com\/index.php?rest_route=%2Fwp%2Fv2%2Fproduct_cat&post=103"},{"taxonomy":"product_tag","embeddable":true,"href":"https:\/\/mikro-farma.com\/index.php?rest_route=%2Fwp%2Fv2%2Fproduct_tag&post=103"}],"curies":[{"name":"wp","href":"https:\/\/api.w.org\/{rel}","templated":true}]}}