{"id":97,"date":"2025-02-17T12:33:54","date_gmt":"2025-02-17T12:33:54","guid":{"rendered":"https:\/\/mikro-farma.com\/?post_type=product&#038;p=97"},"modified":"2025-05-12T21:02:27","modified_gmt":"2025-05-12T19:02:27","slug":"dragoljub","status":"publish","type":"product","link":"https:\/\/mikro-farma.com\/?product=dragoljub","title":{"rendered":"Dragoljub"},"content":{"rendered":"<p data-start=\"0\" data-end=\"40\"><strong data-start=\"0\" data-end=\"38\">Dragoljub \u2013 Pikantna Snaga Prirode<\/strong><\/p>\n<p data-start=\"42\" data-end=\"289\">Mikro zelenje dragoljuba (Tropaeolum majus) osvaja svojim jedinstvenim, blago paprenim okusom koji podsje\u0107a na rikolu i goru\u0161icu. Ovaj aromati\u010dni dodatak unosi dozu svje\u017eine i ljutkastog karaktera u salate, sendvi\u010de, juhe i razna kreativna jela.<\/p>\n<p data-start=\"291\" data-end=\"546\">Osim \u0161to odu\u0161evljava okusom, dragoljub je pravi saveznik zdravlja \u2013 bogat je vitaminom C, antioksidansima i prirodnim antibiotskim svojstvima koja podr\u017eavaju imunitet i di\u0161ni sustav. Tako\u0111er, poznat je po svojim detoksikacijskim i protuupalnim u\u010dincima.<\/p>\n<p data-start=\"548\" data-end=\"640\">Obogatite svoju prehranu ovom mo\u0107nom biljkom i u\u017eivajte u njenim brojnim blagodatima!<\/p>\n","protected":false},"excerpt":{"rendered":"<p>Posudica 30-35 listova<\/p>\n","protected":false},"featured_media":98,"comment_status":"open","ping_status":"closed","template":"","meta":{"site-sidebar-layout":"default","site-content-layout":"","ast-site-content-layout":"default","site-content-style":"default","site-sidebar-style":"default","ast-global-header-display":"","ast-banner-title-visibility":"","ast-main-header-display":"","ast-hfb-above-header-display":"","ast-hfb-below-header-display":"","ast-hfb-mobile-header-display":"","site-post-title":"","ast-breadcrumbs-content":"","ast-featured-img":"","footer-sml-layout":"","theme-transparent-header-meta":"default","adv-header-id-meta":"","stick-header-meta":"","header-above-stick-meta":"","header-main-stick-meta":"","header-below-stick-meta":"","astra-migrate-meta-layouts":"set","ast-page-background-enabled":"default","ast-page-background-meta":{"desktop":{"background-color":"var(--ast-global-color-5)","background-image":"","background-repeat":"repeat","background-position":"center center","background-size":"auto","background-attachment":"scroll","background-type":"","background-media":"","overlay-type":"","overlay-color":"","overlay-opacity":"","overlay-gradient":""},"tablet":{"background-color":"","background-image":"","background-repeat":"repeat","background-position":"center center","background-size":"auto","background-attachment":"scroll","background-type":"","background-media":"","overlay-type":"","overlay-color":"","overlay-opacity":"","overlay-gradient":""},"mobile":{"background-color":"","background-image":"","background-repeat":"repeat","background-position":"center center","background-size":"auto","background-attachment":"scroll","background-type":"","background-media":"","overlay-type":"","overlay-color":"","overlay-opacity":"","overlay-gradient":""}},"ast-content-background-meta":{"desktop":{"background-color":"var(--ast-global-color-4)","background-image":"","background-repeat":"repeat","background-position":"center center","background-size":"auto","background-attachment":"scroll","background-type":"","background-media":"","overlay-type":"","overlay-color":"","overlay-opacity":"","overlay-gradient":""},"tablet":{"background-color":"var(--ast-global-color-4)","background-image":"","background-repeat":"repeat","background-position":"center center","background-size":"auto","background-attachment":"scroll","background-type":"","background-media":"","overlay-type":"","overlay-color":"","overlay-opacity":"","overlay-gradient":""},"mobile":{"background-color":"var(--ast-global-color-4)","background-image":"","background-repeat":"repeat","background-position":"center center","background-size":"auto","background-attachment":"scroll","background-type":"","background-media":"","overlay-type":"","overlay-color":"","overlay-opacity":"","overlay-gradient":""}}},"product_brand":[],"product_cat":[15],"product_tag":[],"class_list":{"0":"post-97","1":"product","2":"type-product","3":"status-publish","4":"has-post-thumbnail","6":"product_cat-uncategorized","7":"desktop-align-center","8":"tablet-align-left","9":"mobile-align-left","11":"first","12":"outofstock","13":"shipping-taxable","14":"purchasable","15":"product-type-simple"},"_links":{"self":[{"href":"https:\/\/mikro-farma.com\/index.php?rest_route=\/wp\/v2\/product\/97","targetHints":{"allow":["GET"]}}],"collection":[{"href":"https:\/\/mikro-farma.com\/index.php?rest_route=\/wp\/v2\/product"}],"about":[{"href":"https:\/\/mikro-farma.com\/index.php?rest_route=\/wp\/v2\/types\/product"}],"replies":[{"embeddable":true,"href":"https:\/\/mikro-farma.com\/index.php?rest_route=%2Fwp%2Fv2%2Fcomments&post=97"}],"wp:featuredmedia":[{"embeddable":true,"href":"https:\/\/mikro-farma.com\/index.php?rest_route=\/wp\/v2\/media\/98"}],"wp:attachment":[{"href":"https:\/\/mikro-farma.com\/index.php?rest_route=%2Fwp%2Fv2%2Fmedia&parent=97"}],"wp:term":[{"taxonomy":"product_brand","embeddable":true,"href":"https:\/\/mikro-farma.com\/index.php?rest_route=%2Fwp%2Fv2%2Fproduct_brand&post=97"},{"taxonomy":"product_cat","embeddable":true,"href":"https:\/\/mikro-farma.com\/index.php?rest_route=%2Fwp%2Fv2%2Fproduct_cat&post=97"},{"taxonomy":"product_tag","embeddable":true,"href":"https:\/\/mikro-farma.com\/index.php?rest_route=%2Fwp%2Fv2%2Fproduct_tag&post=97"}],"curies":[{"name":"wp","href":"https:\/\/api.w.org\/{rel}","templated":true}]}}